{"id":112691,"date":"2023-12-29T22:57:42","date_gmt":"2023-12-29T22:57:42","guid":{"rendered":"https:\/\/casaxaviera.com\/?page_id=112691"},"modified":"2025-12-08T21:55:10","modified_gmt":"2025-12-08T21:55:10","slug":"ubicacion","status":"publish","type":"page","link":"https:\/\/moyra.com.mx\/?page_id=112691&lang=es","title":{"rendered":"Ubicaci\u00f3n"},"content":{"rendered":"<p>[et_pb_section fb_built=&#8221;1&#8243; _builder_version=&#8221;4.23.1&#8243; _module_preset=&#8221;default&#8221; background_color=&#8221;rgba(35,31,32,0.29)&#8221; background_image=&#8221;https:\/\/moyra.com.mx\/wp-content\/uploads\/2025\/12\/location-2.png&#8221; background_blend=&#8221;multiply&#8221; height=&#8221;500px&#8221; custom_padding=&#8221;0px||0px||true|false&#8221; hover_enabled=&#8221;0&#8243; locked=&#8221;off&#8221; global_colors_info=&#8221;{}&#8221; sticky_enabled=&#8221;0&#8243;][et_pb_row make_equal=&#8221;on&#8221; _builder_version=&#8221;4.23.1&#8243; _module_preset=&#8221;default&#8221; width=&#8221;90%&#8221; height=&#8221;500px&#8221; custom_margin=&#8221;||||false|false&#8221; custom_padding=&#8221;||||false|false&#8221; hover_enabled=&#8221;0&#8243; global_colors_info=&#8221;{}&#8221; sticky_enabled=&#8221;0&#8243;][et_pb_column type=&#8221;4_4&#8243; _builder_version=&#8221;4.18.0&#8243; _module_preset=&#8221;default&#8221; global_colors_info=&#8221;{}&#8221;][et_pb_text _builder_version=&#8221;4.23.1&#8243; _module_preset=&#8221;default&#8221; header_font=&#8221;||||||||&#8221; header_text_align=&#8221;center&#8221; header_text_color=&#8221;#FFFFFF&#8221; header_letter_spacing=&#8221;5px&#8221; positioning=&#8221;absolute&#8221; position_origin_a=&#8221;center_center&#8221; width=&#8221;100%&#8221; custom_margin=&#8221;||||false|false&#8221; global_colors_info=&#8221;{}&#8221;]<\/p>\n<h1><strong>LA PUNTA, <\/strong><strong>PUERTO ESCONDIDO<\/strong><\/h1>\n<p>[\/et_pb_text][\/et_pb_column][\/et_pb_row][\/et_pb_section][et_pb_section fb_built=&#8221;1&#8243; _builder_version=&#8221;4.18.0&#8243; _module_preset=&#8221;default&#8221; global_colors_info=&#8221;{}&#8221;][et_pb_row column_structure=&#8221;1_2,1_2&#8243; _builder_version=&#8221;4.18.0&#8243; _module_preset=&#8221;default&#8221; width=&#8221;90%&#8221; max_width=&#8221;1280px&#8221; global_colors_info=&#8221;{}&#8221;][et_pb_column type=&#8221;1_2&#8243; _builder_version=&#8221;4.18.0&#8243; _module_preset=&#8221;default&#8221; global_colors_info=&#8221;{}&#8221;][et_pb_code _builder_version=&#8221;4.23.1&#8243; _module_preset=&#8221;default&#8221; locked=&#8221;off&#8221; global_colors_info=&#8221;{}&#8221;]<iframe src=\"https:\/\/www.google.com\/maps\/embed?pb=!1m17!1m12!1m3!1d3838.4476928120544!2d-97.04670592486907!3d15.833050384812783!2m3!1f0!2f0!3f0!3m2!1i1024!2i768!4f13.1!3m2!1m1!2zMTXCsDQ5JzU5LjAiTiA5N8KwMDInMzguOSJX!5e0!3m2!1ses!2smx!4v1764890400702!5m2!1ses!2smx\" width=\"600\" height=\"600\" style=\"border:0;\" allowfullscreen=\"\" loading=\"lazy\" referrerpolicy=\"no-referrer-when-downgrade\"><\/iframe>[\/et_pb_code][\/et_pb_column][et_pb_column type=&#8221;1_2&#8243; _builder_version=&#8221;4.18.0&#8243; _module_preset=&#8221;default&#8221; global_colors_info=&#8221;{}&#8221;][et_pb_text _builder_version=&#8221;4.23.1&#8243; _module_preset=&#8221;default&#8221; global_colors_info=&#8221;{}&#8221;]<\/p>\n<p>Un lugar paradis\u00edaco en la costa del Pac\u00edfico mexicano que te cautivar\u00e1 por su belleza natural y su autenticidad. Situada en el estado de Oaxaca, esta joya costera es famosa por sus playas de arena dorada, su vibrante cultura local y las emocionantes olas del oc\u00e9ano que atraen a surfistas de todo el mundo. Explora el mercado local para disfrutar de la maravillosa gastronom\u00eda o sum\u00e9rjete en el rico patrimonio cultural visitando el pintoresco centro de la ciudad.<\/p>\n<p><img loading=\"lazy\" decoding=\"async\" class=\"wp-image-112678 alignleft size-full\" style=\"margin-top: 4px; margin-right: 6px;\" src=\"https:\/\/moyra.com.mx\/wp-content\/uploads\/2023\/12\/alfiler-de-mapa.png\" alt=\"\" width=\"17\" height=\"17\" \/>Nuevo Le\u00f3n 951, Brisas de Zicatela, 70934 Brisas de Zicatela, Oax<\/p>\n<p>[\/et_pb_text][et_pb_text _builder_version=&#8221;4.23.1&#8243; _module_preset=&#8221;default&#8221; locked=&#8221;off&#8221; global_colors_info=&#8221;{}&#8221;]<\/p>\n<table border=\"0\" style=\"height: 198px; width: 100%; border-collapse: collapse; border-style: hidden;\">\n<tbody>\n<tr style=\"height: 48px;\">\n<td style=\"width: 100%; padding-left: 6px; height: 48px;\"><img loading=\"lazy\" decoding=\"async\" src=\"https:\/\/moyra.com.mx\/wp-content\/uploads\/2025\/12\/caminando-1.png\" width=\"16\" height=\"16\" alt=\"\" class=\"wp-image-113307 alignnone size-full\" \/>\u00a0 \u00a01 minuto from de la playa<\/td>\n<\/tr>\n<tr style=\"height: 48px;\">\n<td style=\"width: 100%; padding-left: 6px; height: 48px;\"><img loading=\"lazy\" decoding=\"async\" src=\"https:\/\/moyra.com.mx\/wp-content\/uploads\/2025\/12\/caminando-1.png\" width=\"16\" height=\"16\" alt=\"\" class=\"wp-image-113307 alignnone size-full\" \/>\u00a0 \u00a02 minutes de Lychee Thai Food<\/td>\n<\/tr>\n<tr style=\"height: 48px;\">\n<td style=\"width: 100%; padding-left: 6px; height: 48px;\"><img loading=\"lazy\" decoding=\"async\" src=\"https:\/\/moyra.com.mx\/wp-content\/uploads\/2025\/12\/caminando-1.png\" width=\"16\" height=\"16\" alt=\"\" class=\"wp-image-113307 alignnone size-full\" \/>\u00a0 \u00a01 minutes de Fish Shack Restaurante<\/td>\n<\/tr>\n<tr style=\"height: 48px;\">\n<td style=\"width: 100%; padding-left: 6px; height: 48px;\"><img loading=\"lazy\" decoding=\"async\" src=\"https:\/\/moyra.com.mx\/wp-content\/uploads\/2025\/12\/caminando-1.png\" width=\"16\" height=\"16\" alt=\"\" class=\"wp-image-113307 alignnone size-full\" \/>\u00a0 \u00a02 minutes de Chicama Restaurante<\/td>\n<\/tr>\n<tr style=\"height: 48px;\">\n<td style=\"width: 100%; padding-left: 6px; height: 48px;\"><img loading=\"lazy\" decoding=\"async\" src=\"https:\/\/moyra.com.mx\/wp-content\/uploads\/2025\/12\/caminando-1.png\" width=\"16\" height=\"16\" alt=\"\" class=\"wp-image-113307 alignnone size-full\" \/>\u00a0 \u00a02 minutes de Selma Restaurante<\/td>\n<\/tr>\n<tr style=\"height: 48px;\">\n<td style=\"width: 100%; padding-left: 6px; height: 48px;\"><img loading=\"lazy\" decoding=\"async\" src=\"https:\/\/moyra.com.mx\/wp-content\/uploads\/2025\/12\/auto.png\" width=\"20\" height=\"20\" alt=\"\" class=\"wp-image-113308 alignnone size-full\" \/> 10 minutes de Piedra Iguana<\/td>\n<\/tr>\n<tr style=\"height: 48px;\">\n<td style=\"width: 100%; padding-left: 6px; height: 48px;\"><img loading=\"lazy\" decoding=\"async\" src=\"https:\/\/moyra.com.mx\/wp-content\/uploads\/2025\/12\/auto.png\" width=\"19\" height=\"16\" alt=\"\" class=\"wp-image-113308 alignnone size-full\" \/> 15 minutes de the airport<\/td>\n<\/tr>\n<\/tbody>\n<\/table>\n<p>[\/et_pb_text][\/et_pb_column][\/et_pb_row][\/et_pb_section]<\/p>\n","protected":false},"excerpt":{"rendered":"<p>LA PUNTA, PUERTO ESCONDIDOUn lugar paradis\u00edaco en la costa del Pac\u00edfico mexicano que te cautivar\u00e1 por su belleza natural y su autenticidad. Situada en el estado de Oaxaca, esta joya costera es famosa por sus playas de arena dorada, su vibrante cultura local y las emocionantes olas del oc\u00e9ano que atraen a surfistas de todo [&hellip;]<\/p>\n","protected":false},"author":1,"featured_media":0,"parent":0,"menu_order":0,"comment_status":"closed","ping_status":"closed","template":"","meta":{"_et_pb_use_builder":"on","_et_pb_old_content":"","_et_gb_content_width":"","footnotes":""},"class_list":["post-112691","page","type-page","status-publish","hentry"],"_links":{"self":[{"href":"https:\/\/moyra.com.mx\/index.php?rest_route=\/wp\/v2\/pages\/112691","targetHints":{"allow":["GET"]}}],"collection":[{"href":"https:\/\/moyra.com.mx\/index.php?rest_route=\/wp\/v2\/pages"}],"about":[{"href":"https:\/\/moyra.com.mx\/index.php?rest_route=\/wp\/v2\/types\/page"}],"author":[{"embeddable":true,"href":"https:\/\/moyra.com.mx\/index.php?rest_route=\/wp\/v2\/users\/1"}],"replies":[{"embeddable":true,"href":"https:\/\/moyra.com.mx\/index.php?rest_route=%2Fwp%2Fv2%2Fcomments&post=112691"}],"version-history":[{"count":7,"href":"https:\/\/moyra.com.mx\/index.php?rest_route=\/wp\/v2\/pages\/112691\/revisions"}],"predecessor-version":[{"id":113437,"href":"https:\/\/moyra.com.mx\/index.php?rest_route=\/wp\/v2\/pages\/112691\/revisions\/113437"}],"wp:attachment":[{"href":"https:\/\/moyra.com.mx\/index.php?rest_route=%2Fwp%2Fv2%2Fmedia&parent=112691"}],"curies":[{"name":"wp","href":"https:\/\/api.w.org\/{rel}","templated":true}]}}